{"id":78,"date":"2024-12-02T12:29:26","date_gmt":"2024-12-02T12:29:26","guid":{"rendered":"https:\/\/cabma.rkinformatika.online\/?page_id=78"},"modified":"2025-06-16T08:49:12","modified_gmt":"2025-06-16T08:49:12","slug":"mirillas-domoticas","status":"publish","type":"page","link":"https:\/\/cabma.net\/eu\/mirillas-domoticas\/","title":{"rendered":"Domotika"},"content":{"rendered":"<div data-elementor-type=\"wp-page\" data-elementor-id=\"78\" class=\"elementor elementor-78\" data-elementor-post-type=\"page\">\n\t\t\t\t\t\t<section class=\"elementor-section elementor-top-section elementor-element elementor-element-2466629 elementor-section-full_width elementor-section-height-default elementor-section-height-default\" data-id=\"2466629\" data-element_type=\"section\" data-e-type=\"section\" data-settings=\"{&quot;background_background&quot;:&quot;gradient&quot;}\">\n\t\t\t\t\t\t\t<div class=\"elementor-background-overlay\"><\/div>\n\t\t\t\t\t\t\t<div class=\"elementor-container elementor-column-gap-default\">\n\t\t\t\t\t<div class=\"elementor-column elementor-col-100 elementor-top-column elementor-element elementor-element-51aa8ce\" data-id=\"51aa8ce\" data-element_type=\"column\" data-e-type=\"column\">\n\t\t\t<div class=\"elementor-widget-wrap elementor-element-populated\">\n\t\t\t\t\t\t<div class=\"elementor-element elementor-element-bcf8f01 elementor-icon-list--layout-inline elementor-align-start elementor-list-item-link-full_width elementor-invisible elementor-widget elementor-widget-icon-list\" data-id=\"bcf8f01\" data-element_type=\"widget\" data-e-type=\"widget\" data-settings=\"{&quot;_animation&quot;:&quot;zoomInRight&quot;,&quot;_animation_delay&quot;:300}\" data-widget_type=\"icon-list.default\">\n\t\t\t\t<div class=\"elementor-widget-container\">\n\t\t\t\t\t\t\t<ul class=\"elementor-icon-list-items elementor-inline-items\">\n\t\t\t\t\t\t\t<li class=\"elementor-icon-list-item elementor-inline-item\">\n\t\t\t\t\t\t\t\t\t\t\t<a href=\"https:\/\/cabma.net\/eu\">\n\n\t\t\t\t\t\t\t\t\t\t\t<span class=\"elementor-icon-list-text\">Cabma<\/span>\n\t\t\t\t\t\t\t\t\t\t\t<\/a>\n\t\t\t\t\t\t\t\t\t<\/li>\n\t\t\t\t\t\t\t\t<li class=\"elementor-icon-list-item elementor-inline-item\">\n\t\t\t\t\t\t\t\t\t\t\t<a href=\"https:\/\/cabma.net\/eu\/calidad\/\">\n\n\t\t\t\t\t\t\t\t\t\t\t\t<span class=\"elementor-icon-list-icon\">\n\t\t\t\t\t\t\t<svg aria-hidden=\"true\" class=\"e-font-icon-svg e-fas-angle-left\" viewbox=\"0 0 256 512\" xmlns=\"http:\/\/www.w3.org\/2000\/svg\"><path d=\"M31.7 239l136-136c9.4-9.4 24.6-9.4 33.9 0l22.6 22.6c9.4 9.4 9.4 24.6 0 33.9L127.9 256l96.4 96.4c9.4 9.4 9.4 24.6 0 33.9L201.7 409c-9.4 9.4-24.6 9.4-33.9 0l-136-136c-9.5-9.4-9.5-24.6-.1-34z\"><\/path><\/svg>\t\t\t\t\t\t<\/span>\n\t\t\t\t\t\t\t\t\t\t<span class=\"elementor-icon-list-text\">Kalitatea<\/span>\n\t\t\t\t\t\t\t\t\t\t\t<\/a>\n\t\t\t\t\t\t\t\t\t<\/li>\n\t\t\t\t\t\t<\/ul>\n\t\t\t\t\t\t<\/div>\n\t\t\t\t<\/div>\n\t\t\t\t\t<\/div>\n\t\t<\/div>\n\t\t\t\t\t<\/div>\n\t\t<\/section>\n\t\t<div class=\"elementor-element elementor-element-9582f85 e-con-full e-flex e-con e-parent\" data-id=\"9582f85\" data-element_type=\"container\" data-e-type=\"container\" data-settings=\"{&quot;background_background&quot;:&quot;classic&quot;}\">\n\t\t<div class=\"elementor-element elementor-element-491e4f6 e-con-full e-flex e-con e-child\" data-id=\"491e4f6\" data-element_type=\"container\" data-e-type=\"container\">\n\t\t\t\t<div class=\"elementor-element elementor-element-8c770ea elementor-invisible elementor-widget elementor-widget-heading\" data-id=\"8c770ea\" data-element_type=\"widget\" data-e-type=\"widget\" data-settings=\"{&quot;_animation&quot;:&quot;zoomInRight&quot;}\" data-widget_type=\"heading.default\">\n\t\t\t\t<div class=\"elementor-widget-container\">\n\t\t\t\t\t<h2 class=\"elementor-heading-title elementor-size-default\">Nuestros modelos de mirillas dom\u00f3ticas<\/h2>\t\t\t\t<\/div>\n\t\t\t\t<\/div>\n\t\t\t\t<\/div>\n\t\t<div class=\"elementor-element elementor-element-e63cc24 e-con-full e-flex elementor-invisible e-con e-child\" data-id=\"e63cc24\" data-element_type=\"container\" data-e-type=\"container\" data-settings=\"{&quot;background_background&quot;:&quot;classic&quot;,&quot;animation&quot;:&quot;fadeInLeft&quot;}\">\n\t\t\t\t<div class=\"elementor-element elementor-element-bcaaa9a elementor-position-top elementor-widget elementor-widget-image-box\" data-id=\"bcaaa9a\" data-element_type=\"widget\" data-e-type=\"widget\" data-widget_type=\"image-box.default\">\n\t\t\t\t<div class=\"elementor-widget-container\">\n\t\t\t\t\t<div class=\"elementor-image-box-wrapper\"><figure class=\"elementor-image-box-img\"><img fetchpriority=\"high\" decoding=\"async\" width=\"1110\" height=\"1642\" src=\"https:\/\/cabma.net\/wp-content\/uploads\/2024\/12\/Diseno-sin-titulo-1-e1734015962597.png\" class=\"attachment-full size-full wp-image-3130\" alt=\"\" srcset=\"https:\/\/cabma.net\/wp-content\/uploads\/2024\/12\/Diseno-sin-titulo-1-e1734015962597.png 1110w, https:\/\/cabma.net\/wp-content\/uploads\/2024\/12\/Diseno-sin-titulo-1-e1734015962597-203x300.png 203w, https:\/\/cabma.net\/wp-content\/uploads\/2024\/12\/Diseno-sin-titulo-1-e1734015962597-692x1024.png 692w, https:\/\/cabma.net\/wp-content\/uploads\/2024\/12\/Diseno-sin-titulo-1-e1734015962597-768x1136.png 768w, https:\/\/cabma.net\/wp-content\/uploads\/2024\/12\/Diseno-sin-titulo-1-e1734015962597-1038x1536.png 1038w, https:\/\/cabma.net\/wp-content\/uploads\/2024\/12\/Diseno-sin-titulo-1-e1734015962597-8x12.png 8w\" sizes=\"(max-width: 1110px) 100vw, 1110px\" \/><\/figure><div class=\"elementor-image-box-content\"><h3 class=\"elementor-image-box-title\">DP2C Wi-Fi<\/h3><p class=\"elementor-image-box-description\">La DP2C WIFI de Ezviz es una mirilla digital avanzada que ofrece una visi\u00f3n clara y amplia del exterior gracias a su pantalla LCD de alta resoluci\u00f3n. Con conectividad Wifi, puedes ver en tiempo real qui\u00e9n est\u00e1 en la puerta desde tu dispositivo m\u00f3vil. Su dise\u00f1o elegante y funcional la convierte en una opci\u00f3n ideal para quienes buscan seguridad y comodidad en una sola soluci\u00f3n.<\/p><\/div><\/div>\t\t\t\t<\/div>\n\t\t\t\t<\/div>\n\t\t\t\t<\/div>\n\t\t<div class=\"elementor-element elementor-element-c88dc12 e-con-full e-flex elementor-invisible e-con e-child\" data-id=\"c88dc12\" data-element_type=\"container\" data-e-type=\"container\" data-settings=\"{&quot;animation&quot;:&quot;fadeInUp&quot;}\">\n\t\t\t\t<div class=\"elementor-element elementor-element-c367d76 elementor-position-top elementor-widget elementor-widget-image-box\" data-id=\"c367d76\" data-element_type=\"widget\" data-e-type=\"widget\" data-widget_type=\"image-box.default\">\n\t\t\t\t<div class=\"elementor-widget-container\">\n\t\t\t\t\t<div class=\"elementor-image-box-wrapper\"><figure class=\"elementor-image-box-img\"><img decoding=\"async\" width=\"1152\" height=\"1232\" src=\"https:\/\/cabma.net\/wp-content\/uploads\/2024\/12\/Diseno-sin-titulo-1-1-e1734016018332.png\" class=\"attachment-full size-full wp-image-3131\" alt=\"\" srcset=\"https:\/\/cabma.net\/wp-content\/uploads\/2024\/12\/Diseno-sin-titulo-1-1-e1734016018332.png 1152w, https:\/\/cabma.net\/wp-content\/uploads\/2024\/12\/Diseno-sin-titulo-1-1-e1734016018332-281x300.png 281w, https:\/\/cabma.net\/wp-content\/uploads\/2024\/12\/Diseno-sin-titulo-1-1-e1734016018332-958x1024.png 958w, https:\/\/cabma.net\/wp-content\/uploads\/2024\/12\/Diseno-sin-titulo-1-1-e1734016018332-768x821.png 768w, https:\/\/cabma.net\/wp-content\/uploads\/2024\/12\/Diseno-sin-titulo-1-1-e1734016018332-11x12.png 11w\" sizes=\"(max-width: 1152px) 100vw, 1152px\" \/><\/figure><div class=\"elementor-image-box-content\"><h3 class=\"elementor-image-box-title\">Mirilla Digital 752<\/h3><p class=\"elementor-image-box-description\">Mirilla digital de 3,2\u2033. Uno de los primeros modelos de mirillas digitales que todav\u00eda forman parte de nuestro cat\u00e1logo gracias a sus buenos resultados incluso en condiciones de poca luz. Cuenta con varios acabados seg\u00fan modelo y su \u00e1ngulo de visi\u00f3n es de 105\u00ba<\/p><\/div><\/div>\t\t\t\t<\/div>\n\t\t\t\t<\/div>\n\t\t\t\t<\/div>\n\t\t<div class=\"elementor-element elementor-element-bcbd17d e-con-full e-flex elementor-invisible e-con e-child\" data-id=\"bcbd17d\" data-element_type=\"container\" data-e-type=\"container\" data-settings=\"{&quot;animation&quot;:&quot;fadeInUp&quot;}\">\n\t\t\t\t<div class=\"elementor-element elementor-element-5afd0da elementor-position-top elementor-widget elementor-widget-image-box\" data-id=\"5afd0da\" data-element_type=\"widget\" data-e-type=\"widget\" data-widget_type=\"image-box.default\">\n\t\t\t\t<div class=\"elementor-widget-container\">\n\t\t\t\t\t<div class=\"elementor-image-box-wrapper\"><figure class=\"elementor-image-box-img\"><img decoding=\"async\" width=\"1152\" height=\"1232\" src=\"https:\/\/cabma.net\/wp-content\/uploads\/2024\/12\/Diseno-sin-titulo-3.png\" class=\"attachment-full size-full wp-image-3287\" alt=\"\" srcset=\"https:\/\/cabma.net\/wp-content\/uploads\/2024\/12\/Diseno-sin-titulo-3.png 1152w, https:\/\/cabma.net\/wp-content\/uploads\/2024\/12\/Diseno-sin-titulo-3-281x300.png 281w, https:\/\/cabma.net\/wp-content\/uploads\/2024\/12\/Diseno-sin-titulo-3-958x1024.png 958w, https:\/\/cabma.net\/wp-content\/uploads\/2024\/12\/Diseno-sin-titulo-3-768x821.png 768w, https:\/\/cabma.net\/wp-content\/uploads\/2024\/12\/Diseno-sin-titulo-3-11x12.png 11w\" sizes=\"(max-width: 1152px) 100vw, 1152px\" \/><\/figure><div class=\"elementor-image-box-content\"><h3 class=\"elementor-image-box-title\">Modelo tedee<\/h3><p class=\"elementor-image-box-description\">Transforma tu hogar con un toque extra. En la palma de tu mano, el dispositivo sin fisuras de Tedee PRO difumina las l\u00edneas entre el dise\u00f1o y la tecnolog\u00eda inteligente. Descubre c\u00f3mo esta tecnolog\u00eda \u00fanica hecha de materiales y mecanismos de alta clase lleva el poder de la tecnolog\u00eda inteligente a tu puerta.<\/p><\/div><\/div>\t\t\t\t<\/div>\n\t\t\t\t<\/div>\n\t\t\t\t<\/div>\n\t\t\t\t<\/div>\n\t\t<div class=\"elementor-element elementor-element-7b3e8fc e-con-full e-flex e-con e-parent\" data-id=\"7b3e8fc\" data-element_type=\"container\" data-e-type=\"container\" data-settings=\"{&quot;background_background&quot;:&quot;gradient&quot;}\">\n\t\t\t\t<div class=\"elementor-element elementor-element-25e108c elementor-invisible elementor-widget elementor-widget-image\" data-id=\"25e108c\" data-element_type=\"widget\" data-e-type=\"widget\" data-settings=\"{&quot;_animation&quot;:&quot;zoomIn&quot;}\" data-widget_type=\"image.default\">\n\t\t\t\t<div class=\"elementor-widget-container\">\n\t\t\t\t\t\t\t\t\t\t\t\t\t\t\t<img loading=\"lazy\" decoding=\"async\" width=\"167\" height=\"154\" src=\"https:\/\/cabma.net\/wp-content\/uploads\/2024\/12\/Captura_desde_2024-12-03_12-58-03-removebg-preview.png\" class=\"attachment-2048x2048 size-2048x2048 wp-image-850\" alt=\"\" srcset=\"https:\/\/cabma.net\/wp-content\/uploads\/2024\/12\/Captura_desde_2024-12-03_12-58-03-removebg-preview.png 167w, https:\/\/cabma.net\/wp-content\/uploads\/2024\/12\/Captura_desde_2024-12-03_12-58-03-removebg-preview-13x12.png 13w\" sizes=\"(max-width: 167px) 100vw, 167px\" \/>\t\t\t\t\t\t\t\t\t\t\t\t\t\t\t<\/div>\n\t\t\t\t<\/div>\n\t\t\t\t<div class=\"elementor-element elementor-element-94e8f59 elementor-invisible elementor-widget elementor-widget-heading\" data-id=\"94e8f59\" data-element_type=\"widget\" data-e-type=\"widget\" data-settings=\"{&quot;_animation&quot;:&quot;fadeInLeft&quot;}\" data-widget_type=\"heading.default\">\n\t\t\t\t<div class=\"elementor-widget-container\">\n\t\t\t\t\t<h2 class=\"elementor-heading-title elementor-size-default\">\u00bfInteresado en nuestras mirillas?<\/h2>\t\t\t\t<\/div>\n\t\t\t\t<\/div>\n\t\t\t\t<div class=\"elementor-element elementor-element-591a75d elementor-invisible elementor-widget elementor-widget-heading\" data-id=\"591a75d\" data-element_type=\"widget\" data-e-type=\"widget\" data-settings=\"{&quot;_animation&quot;:&quot;fadeInRight&quot;}\" data-widget_type=\"heading.default\">\n\t\t\t\t<div class=\"elementor-widget-container\">\n\t\t\t\t\t<h2 class=\"elementor-heading-title elementor-size-default\">Cont\u00e1ctenos para m\u00e1s sobre nuestras mirillas avanzadas.<\/h2>\t\t\t\t<\/div>\n\t\t\t\t<\/div>\n\t\t\t\t<div class=\"elementor-element elementor-element-41dd0f1 elementor-invisible elementor-widget elementor-widget-button\" data-id=\"41dd0f1\" data-element_type=\"widget\" data-e-type=\"widget\" data-settings=\"{&quot;_animation&quot;:&quot;zoomInLeft&quot;}\" data-widget_type=\"button.default\">\n\t\t\t\t<div class=\"elementor-widget-container\">\n\t\t\t\t\t\t\t\t\t<div class=\"elementor-button-wrapper\">\n\t\t\t\t\t<a class=\"elementor-button elementor-button-link elementor-size-sm elementor-animation-sink\" href=\"https:\/\/cabma.net\/eu\/contacto\/\">\n\t\t\t\t\t\t<span class=\"elementor-button-content-wrapper\">\n\t\t\t\t\t\t<span class=\"elementor-button-icon\">\n\t\t\t\t<svg aria-hidden=\"true\" class=\"e-font-icon-svg e-fas-angle-right\" viewbox=\"0 0 256 512\" xmlns=\"http:\/\/www.w3.org\/2000\/svg\"><path d=\"M224.3 273l-136 136c-9.4 9.4-24.6 9.4-33.9 0l-22.6-22.6c-9.4-9.4-9.4-24.6 0-33.9l96.4-96.4-96.4-96.4c-9.4-9.4-9.4-24.6 0-33.9L54.3 103c9.4-9.4 24.6-9.4 33.9 0l136 136c9.5 9.4 9.5 24.6.1 34z\"><\/path><\/svg>\t\t\t<\/span>\n\t\t\t\t\t\t\t\t\t<span class=\"elementor-button-text\">KONTAKTATU <\/span>\n\t\t\t\t\t<\/span>\n\t\t\t\t\t<\/a>\n\t\t\t\t<\/div>\n\t\t\t\t\t\t\t\t<\/div>\n\t\t\t\t<\/div>\n\t\t\t\t<\/div>\n\t\t\t\t<\/div>","protected":false},"excerpt":{"rendered":"<p>Cabma Calidad Nuestros modelos de mirillas dom\u00f3ticas DP2C Wi-Fi La DP2C WIFI de Ezviz es una mirilla digital avanzada que ofrece una visi\u00f3n clara y amplia del exterior gracias a su pantalla LCD de alta resoluci\u00f3n. Con conectividad Wifi, puedes ver en tiempo real qui\u00e9n est\u00e1 en la puerta desde tu dispositivo m\u00f3vil. Su dise\u00f1o [&hellip;]<\/p>\n","protected":false},"author":1,"featured_media":0,"parent":0,"menu_order":0,"comment_status":"closed","ping_status":"closed","template":"elementor_canvas","meta":{"footnotes":""},"class_list":["post-78","page","type-page","status-publish","hentry"],"yoast_head":"<!-- This site is optimized with the Yoast SEO plugin v27.4 - https:\/\/yoast.com\/product\/yoast-seo-wordpress\/ -->\n<title>Mirillas Dom\u00f3ticas - Cabma Bizkaia - Gipuzkoa<\/title>\n<meta name=\"description\" content=\"Mirillas dom\u00f3ticas en Bizkaia con tecnolog\u00eda avanzada. En Cabma instalamos mirillas digitales seguras y modernas para tu hogar o empresa.\" \/>\n<meta name=\"robots\" content=\"index, follow, max-snippet:-1, max-image-preview:large, max-video-preview:-1\" \/>\n<link rel=\"canonical\" href=\"https:\/\/cabma.net\/eu\/mirillas-domoticas\/\" \/>\n<meta property=\"og:locale\" content=\"en_US\" \/>\n<meta property=\"og:type\" content=\"article\" \/>\n<meta property=\"og:title\" content=\"Mirillas Dom\u00f3ticas - Cabma Bizkaia - Gipuzkoa\" \/>\n<meta property=\"og:description\" content=\"Mirillas dom\u00f3ticas en Bizkaia con tecnolog\u00eda avanzada. En Cabma instalamos mirillas digitales seguras y modernas para tu hogar o empresa.\" \/>\n<meta property=\"og:url\" content=\"https:\/\/cabma.net\/eu\/mirillas-domoticas\/\" \/>\n<meta property=\"og:site_name\" content=\"Cabma Bizkaia - Gipuzkoa\" \/>\n<meta property=\"article:modified_time\" content=\"2025-06-16T08:49:12+00:00\" \/>\n<meta property=\"og:image\" content=\"https:\/\/cabma.net\/wp-content\/uploads\/2024\/12\/Diseno-sin-titulo-1-e1734015962597.png\" \/>\n<meta name=\"twitter:card\" content=\"summary_large_image\" \/>\n<meta name=\"twitter:label1\" content=\"Est. reading time\" \/>\n\t<meta name=\"twitter:data1\" content=\"2 minutua\" \/>\n<script type=\"application\/ld+json\" class=\"yoast-schema-graph\">{\"@context\":\"https:\\\/\\\/schema.org\",\"@graph\":[{\"@type\":\"WebPage\",\"@id\":\"https:\\\/\\\/cabma.net\\\/mirillas-domoticas\\\/\",\"url\":\"https:\\\/\\\/cabma.net\\\/mirillas-domoticas\\\/\",\"name\":\"Mirillas Dom\u00f3ticas - Cabma Bizkaia - Gipuzkoa\",\"isPartOf\":{\"@id\":\"https:\\\/\\\/cabma.net\\\/#website\"},\"primaryImageOfPage\":{\"@id\":\"https:\\\/\\\/cabma.net\\\/mirillas-domoticas\\\/#primaryimage\"},\"image\":{\"@id\":\"https:\\\/\\\/cabma.net\\\/mirillas-domoticas\\\/#primaryimage\"},\"thumbnailUrl\":\"https:\\\/\\\/cabma.net\\\/wp-content\\\/uploads\\\/2024\\\/12\\\/Diseno-sin-titulo-1-e1734015962597.png\",\"datePublished\":\"2024-12-02T12:29:26+00:00\",\"dateModified\":\"2025-06-16T08:49:12+00:00\",\"description\":\"Mirillas dom\u00f3ticas en Bizkaia con tecnolog\u00eda avanzada. En Cabma instalamos mirillas digitales seguras y modernas para tu hogar o empresa.\",\"breadcrumb\":{\"@id\":\"https:\\\/\\\/cabma.net\\\/mirillas-domoticas\\\/#breadcrumb\"},\"inLanguage\":\"eu\",\"potentialAction\":[{\"@type\":\"ReadAction\",\"target\":[\"https:\\\/\\\/cabma.net\\\/mirillas-domoticas\\\/\"]}]},{\"@type\":\"ImageObject\",\"inLanguage\":\"eu\",\"@id\":\"https:\\\/\\\/cabma.net\\\/mirillas-domoticas\\\/#primaryimage\",\"url\":\"https:\\\/\\\/cabma.net\\\/wp-content\\\/uploads\\\/2024\\\/12\\\/Diseno-sin-titulo-1-e1734015962597.png\",\"contentUrl\":\"https:\\\/\\\/cabma.net\\\/wp-content\\\/uploads\\\/2024\\\/12\\\/Diseno-sin-titulo-1-e1734015962597.png\"},{\"@type\":\"BreadcrumbList\",\"@id\":\"https:\\\/\\\/cabma.net\\\/mirillas-domoticas\\\/#breadcrumb\",\"itemListElement\":[{\"@type\":\"ListItem\",\"position\":1,\"name\":\"Portada\",\"item\":\"https:\\\/\\\/cabma.net\\\/\"},{\"@type\":\"ListItem\",\"position\":2,\"name\":\"Dom\u00f3tica\"}]},{\"@type\":\"WebSite\",\"@id\":\"https:\\\/\\\/cabma.net\\\/#website\",\"url\":\"https:\\\/\\\/cabma.net\\\/\",\"name\":\"Cabma Bizkaia - Gipuzkoa\",\"description\":\"Proveedor, Distribuidor e Instalador oficial de puertas acorazadas CABMA para Euskadi\",\"publisher\":{\"@id\":\"https:\\\/\\\/cabma.net\\\/#organization\"},\"alternateName\":\"Cabma\",\"potentialAction\":[{\"@type\":\"SearchAction\",\"target\":{\"@type\":\"EntryPoint\",\"urlTemplate\":\"https:\\\/\\\/cabma.net\\\/?s={search_term_string}\"},\"query-input\":{\"@type\":\"PropertyValueSpecification\",\"valueRequired\":true,\"valueName\":\"search_term_string\"}}],\"inLanguage\":\"eu\"},{\"@type\":\"Organization\",\"@id\":\"https:\\\/\\\/cabma.net\\\/#organization\",\"name\":\"Cabma Bizkaia - Gipuzkoa\",\"alternateName\":\"Cabma\",\"url\":\"https:\\\/\\\/cabma.net\\\/\",\"logo\":{\"@type\":\"ImageObject\",\"inLanguage\":\"eu\",\"@id\":\"https:\\\/\\\/cabma.net\\\/#\\\/schema\\\/logo\\\/image\\\/\",\"url\":\"https:\\\/\\\/cabma.net\\\/wp-content\\\/uploads\\\/2024\\\/11\\\/Logo.png\",\"contentUrl\":\"https:\\\/\\\/cabma.net\\\/wp-content\\\/uploads\\\/2024\\\/11\\\/Logo.png\",\"width\":488,\"height\":502,\"caption\":\"Cabma Bizkaia - Gipuzkoa\"},\"image\":{\"@id\":\"https:\\\/\\\/cabma.net\\\/#\\\/schema\\\/logo\\\/image\\\/\"}}]}<\/script>\n<!-- \/ Yoast SEO plugin. -->","yoast_head_json":{"title":"Mirillas Dom\u00f3ticas - Cabma Bizkaia - Gipuzkoa","description":"Mirillas dom\u00f3ticas en Bizkaia con tecnolog\u00eda avanzada. En Cabma instalamos mirillas digitales seguras y modernas para tu hogar o empresa.","robots":{"index":"index","follow":"follow","max-snippet":"max-snippet:-1","max-image-preview":"max-image-preview:large","max-video-preview":"max-video-preview:-1"},"canonical":"https:\/\/cabma.net\/eu\/mirillas-domoticas\/","og_locale":"en_US","og_type":"article","og_title":"Mirillas Dom\u00f3ticas - Cabma Bizkaia - Gipuzkoa","og_description":"Mirillas dom\u00f3ticas en Bizkaia con tecnolog\u00eda avanzada. En Cabma instalamos mirillas digitales seguras y modernas para tu hogar o empresa.","og_url":"https:\/\/cabma.net\/eu\/mirillas-domoticas\/","og_site_name":"Cabma Bizkaia - Gipuzkoa","article_modified_time":"2025-06-16T08:49:12+00:00","og_image":[{"url":"https:\/\/cabma.net\/wp-content\/uploads\/2024\/12\/Diseno-sin-titulo-1-e1734015962597.png","type":"","width":"","height":""}],"twitter_card":"summary_large_image","twitter_misc":{"Est. reading time":"2 minutua"},"schema":{"@context":"https:\/\/schema.org","@graph":[{"@type":"WebPage","@id":"https:\/\/cabma.net\/mirillas-domoticas\/","url":"https:\/\/cabma.net\/mirillas-domoticas\/","name":"Mirillas Dom\u00f3ticas - Cabma Bizkaia - Gipuzkoa","isPartOf":{"@id":"https:\/\/cabma.net\/#website"},"primaryImageOfPage":{"@id":"https:\/\/cabma.net\/mirillas-domoticas\/#primaryimage"},"image":{"@id":"https:\/\/cabma.net\/mirillas-domoticas\/#primaryimage"},"thumbnailUrl":"https:\/\/cabma.net\/wp-content\/uploads\/2024\/12\/Diseno-sin-titulo-1-e1734015962597.png","datePublished":"2024-12-02T12:29:26+00:00","dateModified":"2025-06-16T08:49:12+00:00","description":"Mirillas dom\u00f3ticas en Bizkaia con tecnolog\u00eda avanzada. En Cabma instalamos mirillas digitales seguras y modernas para tu hogar o empresa.","breadcrumb":{"@id":"https:\/\/cabma.net\/mirillas-domoticas\/#breadcrumb"},"inLanguage":"eu","potentialAction":[{"@type":"ReadAction","target":["https:\/\/cabma.net\/mirillas-domoticas\/"]}]},{"@type":"ImageObject","inLanguage":"eu","@id":"https:\/\/cabma.net\/mirillas-domoticas\/#primaryimage","url":"https:\/\/cabma.net\/wp-content\/uploads\/2024\/12\/Diseno-sin-titulo-1-e1734015962597.png","contentUrl":"https:\/\/cabma.net\/wp-content\/uploads\/2024\/12\/Diseno-sin-titulo-1-e1734015962597.png"},{"@type":"BreadcrumbList","@id":"https:\/\/cabma.net\/mirillas-domoticas\/#breadcrumb","itemListElement":[{"@type":"ListItem","position":1,"name":"Portada","item":"https:\/\/cabma.net\/"},{"@type":"ListItem","position":2,"name":"Dom\u00f3tica"}]},{"@type":"WebSite","@id":"https:\/\/cabma.net\/#website","url":"https:\/\/cabma.net\/","name":"Cabma Bizkaia - Gipuzkoa","description":"Proveedor, Distribuidor e Instalador oficial de puertas acorazadas CABMA para Euskadi","publisher":{"@id":"https:\/\/cabma.net\/#organization"},"alternateName":"Cabma","potentialAction":[{"@type":"SearchAction","target":{"@type":"EntryPoint","urlTemplate":"https:\/\/cabma.net\/?s={search_term_string}"},"query-input":{"@type":"PropertyValueSpecification","valueRequired":true,"valueName":"search_term_string"}}],"inLanguage":"eu"},{"@type":"Organization","@id":"https:\/\/cabma.net\/#organization","name":"Cabma Bizkaia - Gipuzkoa","alternateName":"Cabma","url":"https:\/\/cabma.net\/","logo":{"@type":"ImageObject","inLanguage":"eu","@id":"https:\/\/cabma.net\/#\/schema\/logo\/image\/","url":"https:\/\/cabma.net\/wp-content\/uploads\/2024\/11\/Logo.png","contentUrl":"https:\/\/cabma.net\/wp-content\/uploads\/2024\/11\/Logo.png","width":488,"height":502,"caption":"Cabma Bizkaia - Gipuzkoa"},"image":{"@id":"https:\/\/cabma.net\/#\/schema\/logo\/image\/"}}]}},"_links":{"self":[{"href":"https:\/\/cabma.net\/eu\/wp-json\/wp\/v2\/pages\/78","targetHints":{"allow":["GET"]}}],"collection":[{"href":"https:\/\/cabma.net\/eu\/wp-json\/wp\/v2\/pages"}],"about":[{"href":"https:\/\/cabma.net\/eu\/wp-json\/wp\/v2\/types\/page"}],"author":[{"embeddable":true,"href":"https:\/\/cabma.net\/eu\/wp-json\/wp\/v2\/users\/1"}],"replies":[{"embeddable":true,"href":"https:\/\/cabma.net\/eu\/wp-json\/wp\/v2\/comments?post=78"}],"version-history":[{"count":263,"href":"https:\/\/cabma.net\/eu\/wp-json\/wp\/v2\/pages\/78\/revisions"}],"predecessor-version":[{"id":3461,"href":"https:\/\/cabma.net\/eu\/wp-json\/wp\/v2\/pages\/78\/revisions\/3461"}],"wp:attachment":[{"href":"https:\/\/cabma.net\/eu\/wp-json\/wp\/v2\/media?parent=78"}],"curies":[{"name":"wp","href":"https:\/\/api.w.org\/{rel}","templated":true}]}}